{"id":2,"date":"2022-10-28T16:28:21","date_gmt":"2022-10-28T16:28:21","guid":{"rendered":"http:\/\/canalflashback.com.br\/?page_id=2"},"modified":"2022-11-07T09:28:09","modified_gmt":"2022-11-07T06:28:09","slug":"sample-page","status":"publish","type":"page","link":"https:\/\/canalflashback.com.br\/?page_id=2","title":{"rendered":"CARLOS BIGHETTI"},"content":{"rendered":"\n<p>Sou jornalista, formado em Comunica\u00e7\u00e3o Social pela Faculdade C\u00e1sper L\u00edbero, de S\u00e3o Paulo, em 2001. J\u00e1 atuei como produtor, editor e rep\u00f3rter no telejornalismo di\u00e1rio. Trabalhei em canais como TV Cultura, SBT, Globo, Record, Rede TV! e TV Gazeta. <\/p>\n\n\n\n<p><\/p>\n\n\n\n<figure class=\"wp-block-image size-large\"><img loading=\"lazy\" decoding=\"async\" width=\"1024\" height=\"181\" src=\"https:\/\/canalflashback.com.br\/wp-content\/uploads\/2022\/11\/BANNER_2003_2008_2009_2012_2016_2018-1024x181.jpg\" alt=\"\" class=\"wp-image-221\" srcset=\"https:\/\/canalflashback.com.br\/wp-content\/uploads\/2022\/11\/BANNER_2003_2008_2009_2012_2016_2018-1024x181.jpg 1024w, https:\/\/canalflashback.com.br\/wp-content\/uploads\/2022\/11\/BANNER_2003_2008_2009_2012_2016_2018-300x53.jpg 300w, https:\/\/canalflashback.com.br\/wp-content\/uploads\/2022\/11\/BANNER_2003_2008_2009_2012_2016_2018-768x136.jpg 768w, https:\/\/canalflashback.com.br\/wp-content\/uploads\/2022\/11\/BANNER_2003_2008_2009_2012_2016_2018-1536x272.jpg 1536w, https:\/\/canalflashback.com.br\/wp-content\/uploads\/2022\/11\/BANNER_2003_2008_2009_2012_2016_2018.jpg 2045w\" sizes=\"auto, (max-width: 1024px) 100vw, 1024px\" \/><figcaption><em>Vinte anos de carreira: tantas entrevistas e hist\u00f3rias contadas que parece at\u00e9 que foram v\u00e1rias vidas&#8230;<\/em><\/figcaption><\/figure>\n\n\n\n<p>Mais recentemente, em 2021, atuei em produ\u00e7\u00e3o e reportagem de document\u00e1rios para a CCTV, China Central Television, pela DOC.Films. Na produtora, pude contar hist\u00f3rias de realidades&#8230;. Pantanal sergipano. E levamos ao grande p\u00fablico um olhar ao <em>retrogaming<\/em>. <\/p>\n\n\n\n<p>(separar foto)<\/p>\n\n\n\n<p><\/p>\n\n\n\n<figure class=\"wp-block-image size-large is-resized\"><img loading=\"lazy\" decoding=\"async\" src=\"https:\/\/canalflashback.com.br\/wp-content\/uploads\/2022\/11\/DIRETOR_CARLOS_BIGHETTI-min-1024x576.jpg\" alt=\"\" class=\"wp-image-201\" width=\"842\" height=\"473\" srcset=\"https:\/\/canalflashback.com.br\/wp-content\/uploads\/2022\/11\/DIRETOR_CARLOS_BIGHETTI-min-1024x576.jpg 1024w, https:\/\/canalflashback.com.br\/wp-content\/uploads\/2022\/11\/DIRETOR_CARLOS_BIGHETTI-min-300x169.jpg 300w, https:\/\/canalflashback.com.br\/wp-content\/uploads\/2022\/11\/DIRETOR_CARLOS_BIGHETTI-min-768x432.jpg 768w, https:\/\/canalflashback.com.br\/wp-content\/uploads\/2022\/11\/DIRETOR_CARLOS_BIGHETTI-min-1536x864.jpg 1536w, https:\/\/canalflashback.com.br\/wp-content\/uploads\/2022\/11\/DIRETOR_CARLOS_BIGHETTI-min-2048x1152.jpg 2048w\" sizes=\"auto, (max-width: 842px) 100vw, 842px\" \/><figcaption><em>Em 1984, reportando para o document\u00e1rio &#8220;LOADING&#8230; Nossos primeiros jogos de computador&#8221;<\/em><\/figcaption><\/figure>\n\n\n\n<p>Contribui como pesquisador na s\u00e9rie <em>\u00daltimo Pouso<\/em>, da TV Cultura, sobre as companhias a\u00e9reas da <em>belle \u00e9poque<\/em> da avia\u00e7\u00e3o comercial brasileira. Desde 2018, mantenho o Canal Flashback no YouTube, onde trato de temas retr\u00f4, \u00edcones da cultura pop e Hist\u00f3ria.<\/p>\n\n\n\n<p><\/p>\n\n\n\n<p>Um entusiasta de eventos hist\u00f3ricos, apaixonado por televis\u00e3o e amante de grandes e pequenas coisas (ou personagens) que marcaram nossas vidas.<\/p>\n","protected":false},"excerpt":{"rendered":"<p>Sou jornalista, formado em Comunica\u00e7\u00e3o Social pela Faculdade C\u00e1sper L\u00edbero, de S\u00e3o Paulo, em 2001&#8230;.<\/p>\n","protected":false},"author":1,"featured_media":0,"parent":0,"menu_order":0,"comment_status":"closed","ping_status":"open","template":"","meta":{"footnotes":""},"class_list":["post-2","page","type-page","status-publish","hentry"],"_links":{"self":[{"href":"https:\/\/canalflashback.com.br\/index.php?rest_route=\/wp\/v2\/pages\/2","targetHints":{"allow":["GET"]}}],"collection":[{"href":"https:\/\/canalflashback.com.br\/index.php?rest_route=\/wp\/v2\/pages"}],"about":[{"href":"https:\/\/canalflashback.com.br\/index.php?rest_route=\/wp\/v2\/types\/page"}],"author":[{"embeddable":true,"href":"https:\/\/canalflashback.com.br\/index.php?rest_route=\/wp\/v2\/users\/1"}],"replies":[{"embeddable":true,"href":"https:\/\/canalflashback.com.br\/index.php?rest_route=%2Fwp%2Fv2%2Fcomments&post=2"}],"version-history":[{"count":23,"href":"https:\/\/canalflashback.com.br\/index.php?rest_route=\/wp\/v2\/pages\/2\/revisions"}],"predecessor-version":[{"id":289,"href":"https:\/\/canalflashback.com.br\/index.php?rest_route=\/wp\/v2\/pages\/2\/revisions\/289"}],"wp:attachment":[{"href":"https:\/\/canalflashback.com.br\/index.php?rest_route=%2Fwp%2Fv2%2Fmedia&parent=2"}],"curies":[{"name":"wp","href":"https:\/\/api.w.org\/{rel}","templated":true}]}}