{"id":92,"date":"2022-10-31T07:25:47","date_gmt":"2022-10-31T04:25:47","guid":{"rendered":"https:\/\/canalflashback.com.br\/?page_id=92"},"modified":"2022-11-07T09:38:19","modified_gmt":"2022-11-07T06:38:19","slug":"o-que-e-flashback","status":"publish","type":"page","link":"https:\/\/canalflashback.com.br\/?page_id=92","title":{"rendered":"FLASHBACK origens"},"content":{"rendered":"\n<p style=\"font-size:25px\"><em>As primeiras sementes do Canal Flashback foram plantadas muitos anos antes de a primeira reportagem ser publicada no YouTube. <\/em><\/p>\n\n\n\n<h2 class=\"wp-block-heading\">ANTES DO FLASHBACK<\/h2>\n\n\n\n<p>Eu diria que isso ocorreu com uma reportagem que fiz em 2008, sobre &#8220;Os 50 anos do tijolinho de Lego&#8221;, pe\u00e7a b\u00e1sica e fundamental do sistema dinamarqu\u00eas de brinquedos.<\/p>\n\n\n\n<figure class=\"wp-block-image size-large\"><img loading=\"lazy\" decoding=\"async\" width=\"1024\" height=\"626\" src=\"https:\/\/canalflashback.com.br\/wp-content\/uploads\/2022\/11\/LEGO_2008-1024x626.jpg\" alt=\"\" class=\"wp-image-278\" srcset=\"https:\/\/canalflashback.com.br\/wp-content\/uploads\/2022\/11\/LEGO_2008-1024x626.jpg 1024w, https:\/\/canalflashback.com.br\/wp-content\/uploads\/2022\/11\/LEGO_2008-300x183.jpg 300w, https:\/\/canalflashback.com.br\/wp-content\/uploads\/2022\/11\/LEGO_2008-768x469.jpg 768w, https:\/\/canalflashback.com.br\/wp-content\/uploads\/2022\/11\/LEGO_2008-1536x938.jpg 1536w, https:\/\/canalflashback.com.br\/wp-content\/uploads\/2022\/11\/LEGO_2008-2048x1251.jpg 2048w\" sizes=\"auto, (max-width: 1024px) 100vw, 1024px\" \/><figcaption><em>A reportagem que abriu o caminho para o formato, exibida no Jornal da Gazeta e, posteriormente, no programa Todo Seu, apresentado por Ronnie Von<\/em><\/figcaption><\/figure>\n\n\n\n<p>Em dezembro do mesmo ano, viria outra reportagem comemorativa, desta vez, sobre os &#8220;25 anos do desembarque dos videogames no Brasil&#8221;. Foi a mais longa reportagem j\u00e1 exibida em notici\u00e1rio de televis\u00e3o aberta sobre o tema: quase NOVE minutos de dura\u00e7\u00e3o!<\/p>\n\n\n\n<figure class=\"wp-block-image size-large\"><img loading=\"lazy\" decoding=\"async\" width=\"1024\" height=\"679\" src=\"https:\/\/canalflashback.com.br\/wp-content\/uploads\/2022\/11\/ATARI_2008-1024x679.jpg\" alt=\"\" class=\"wp-image-279\" srcset=\"https:\/\/canalflashback.com.br\/wp-content\/uploads\/2022\/11\/ATARI_2008-1024x679.jpg 1024w, https:\/\/canalflashback.com.br\/wp-content\/uploads\/2022\/11\/ATARI_2008-300x199.jpg 300w, https:\/\/canalflashback.com.br\/wp-content\/uploads\/2022\/11\/ATARI_2008-768x509.jpg 768w, https:\/\/canalflashback.com.br\/wp-content\/uploads\/2022\/11\/ATARI_2008-1536x1018.jpg 1536w, https:\/\/canalflashback.com.br\/wp-content\/uploads\/2022\/11\/ATARI_2008-2048x1357.jpg 2048w\" sizes=\"auto, (max-width: 1024px) 100vw, 1024px\" \/><\/figure>\n\n\n\n<p>Por ocasi\u00e3o da celebra\u00e7\u00e3o dos 40 anos da chegada do homem \u00e0 Lua, preparei uma s\u00e9rie de cinco reportagens especiais, exibidas a partir de 20 de julho de 2009. Um trabalho absurdo para concluir a &#8220;Odisseia Lunar: 40 anos&#8221;, mas que me fez perceber que o tratamento dado \u00e0s reportagens tinha o poder de deixar o est\u00fadio e o <em>switcher<\/em> (sala de controle) em total sil\u00eancio. Sim, pessoas sem qualquer familiaridade com o tema, tinham tido a aten\u00e7\u00e3o capturada pela mensagem audiovisual apresentada ali&#8230;<\/p>\n\n\n\n<figure class=\"wp-block-image size-large\"><img loading=\"lazy\" decoding=\"async\" width=\"1024\" height=\"761\" src=\"https:\/\/canalflashback.com.br\/wp-content\/uploads\/2022\/11\/ODISSEIA_LUNAR_2009-1024x761.jpg\" alt=\"\" class=\"wp-image-280\" srcset=\"https:\/\/canalflashback.com.br\/wp-content\/uploads\/2022\/11\/ODISSEIA_LUNAR_2009-1024x761.jpg 1024w, https:\/\/canalflashback.com.br\/wp-content\/uploads\/2022\/11\/ODISSEIA_LUNAR_2009-300x223.jpg 300w, https:\/\/canalflashback.com.br\/wp-content\/uploads\/2022\/11\/ODISSEIA_LUNAR_2009-768x570.jpg 768w, https:\/\/canalflashback.com.br\/wp-content\/uploads\/2022\/11\/ODISSEIA_LUNAR_2009.jpg 1431w\" sizes=\"auto, (max-width: 1024px) 100vw, 1024px\" \/><\/figure>\n\n\n\n<p> A reportagem derradeira na TV Gazeta foi sobre &#8220;Scooters Cl\u00e1ssicos&#8221;, Vespas e Lambrettas, exibida em 2010. Coloquei meu pai, Carlos Alberto, dono do site e do acervo da &#8220;Carlos Antigos&#8221;, para dar entrevista.<\/p>\n\n\n\n<figure class=\"wp-block-image size-large\"><img loading=\"lazy\" decoding=\"async\" width=\"1024\" height=\"741\" src=\"https:\/\/canalflashback.com.br\/wp-content\/uploads\/2022\/11\/SCOOTERS_2010-1024x741.jpg\" alt=\"\" class=\"wp-image-283\" srcset=\"https:\/\/canalflashback.com.br\/wp-content\/uploads\/2022\/11\/SCOOTERS_2010-1024x741.jpg 1024w, https:\/\/canalflashback.com.br\/wp-content\/uploads\/2022\/11\/SCOOTERS_2010-300x217.jpg 300w, https:\/\/canalflashback.com.br\/wp-content\/uploads\/2022\/11\/SCOOTERS_2010-768x555.jpg 768w, https:\/\/canalflashback.com.br\/wp-content\/uploads\/2022\/11\/SCOOTERS_2010-1536x1111.jpg 1536w, https:\/\/canalflashback.com.br\/wp-content\/uploads\/2022\/11\/SCOOTERS_2010.jpg 1991w\" sizes=\"auto, (max-width: 1024px) 100vw, 1024px\" \/><\/figure>\n\n\n\n<figure class=\"wp-block-image size-large\"><img loading=\"lazy\" decoding=\"async\" width=\"1024\" height=\"740\" src=\"https:\/\/canalflashback.com.br\/wp-content\/uploads\/2022\/11\/SCOOTERS_2010_02-1024x740.jpg\" alt=\"\" class=\"wp-image-284\" srcset=\"https:\/\/canalflashback.com.br\/wp-content\/uploads\/2022\/11\/SCOOTERS_2010_02-1024x740.jpg 1024w, https:\/\/canalflashback.com.br\/wp-content\/uploads\/2022\/11\/SCOOTERS_2010_02-300x217.jpg 300w, https:\/\/canalflashback.com.br\/wp-content\/uploads\/2022\/11\/SCOOTERS_2010_02-768x555.jpg 768w, https:\/\/canalflashback.com.br\/wp-content\/uploads\/2022\/11\/SCOOTERS_2010_02-1536x1110.jpg 1536w, https:\/\/canalflashback.com.br\/wp-content\/uploads\/2022\/11\/SCOOTERS_2010_02.jpg 1993w\" sizes=\"auto, (max-width: 1024px) 100vw, 1024px\" \/><\/figure>\n\n\n\n<h2 class=\"wp-block-heading\">O FORMATO SE CONSOLIDA<\/h2>\n\n\n\n<p>A consolida\u00e7\u00e3o do formato e do nome &#8220;Flashback&#8221; viria na TV Cultura, em 2013, com uma reportagem sobre a trajet\u00f3ria da Kombi, por ocasi\u00e3o do fim da produ\u00e7\u00e3o do ve\u00edculo no Brasil, \u00faltimo pa\u00eds do mundo a fabricar o &#8220;p\u00e3o de f\u00f4rma sobre rodas&#8221;.<\/p>\n\n\n\n<figure class=\"wp-block-image size-large\"><img loading=\"lazy\" decoding=\"async\" width=\"1024\" height=\"576\" src=\"https:\/\/canalflashback.com.br\/wp-content\/uploads\/2022\/11\/KOMBI_2013-1024x576.jpg\" alt=\"\" class=\"wp-image-287\" srcset=\"https:\/\/canalflashback.com.br\/wp-content\/uploads\/2022\/11\/KOMBI_2013-1024x576.jpg 1024w, https:\/\/canalflashback.com.br\/wp-content\/uploads\/2022\/11\/KOMBI_2013-300x169.jpg 300w, https:\/\/canalflashback.com.br\/wp-content\/uploads\/2022\/11\/KOMBI_2013-768x432.jpg 768w, https:\/\/canalflashback.com.br\/wp-content\/uploads\/2022\/11\/KOMBI_2013-1536x864.jpg 1536w, https:\/\/canalflashback.com.br\/wp-content\/uploads\/2022\/11\/KOMBI_2013-2048x1152.jpg 2048w\" sizes=\"auto, (max-width: 1024px) 100vw, 1024px\" \/><\/figure>\n\n\n\n<figure class=\"wp-block-embed is-type-video is-provider-youtube wp-block-embed-youtube wp-embed-aspect-16-9 wp-has-aspect-ratio\"><div class=\"wp-block-embed__wrapper\">\n<iframe loading=\"lazy\" title=\"FLASHBACK est\u00e1 voltando cheio de novidades...\" width=\"640\" height=\"360\" src=\"https:\/\/www.youtube.com\/embed\/OLf1h5m7ZEg?feature=oembed\" frameborder=\"0\" allow=\"accelerometer; autoplay; clipboard-write; encrypted-media; gyroscope; picture-in-picture; web-share\" referrerpolicy=\"strict-origin-when-cross-origin\" allowfullscreen><\/iframe>\n<\/div><\/figure>\n","protected":false},"excerpt":{"rendered":"<p>As primeiras sementes do Canal Flashback foram plantadas muitos anos antes de a primeira reportagem&#8230;<\/p>\n","protected":false},"author":1,"featured_media":0,"parent":0,"menu_order":0,"comment_status":"closed","ping_status":"closed","template":"","meta":{"footnotes":""},"class_list":["post-92","page","type-page","status-publish","hentry"],"_links":{"self":[{"href":"https:\/\/canalflashback.com.br\/index.php?rest_route=\/wp\/v2\/pages\/92","targetHints":{"allow":["GET"]}}],"collection":[{"href":"https:\/\/canalflashback.com.br\/index.php?rest_route=\/wp\/v2\/pages"}],"about":[{"href":"https:\/\/canalflashback.com.br\/index.php?rest_route=\/wp\/v2\/types\/page"}],"author":[{"embeddable":true,"href":"https:\/\/canalflashback.com.br\/index.php?rest_route=\/wp\/v2\/users\/1"}],"replies":[{"embeddable":true,"href":"https:\/\/canalflashback.com.br\/index.php?rest_route=%2Fwp%2Fv2%2Fcomments&post=92"}],"version-history":[{"count":9,"href":"https:\/\/canalflashback.com.br\/index.php?rest_route=\/wp\/v2\/pages\/92\/revisions"}],"predecessor-version":[{"id":297,"href":"https:\/\/canalflashback.com.br\/index.php?rest_route=\/wp\/v2\/pages\/92\/revisions\/297"}],"wp:attachment":[{"href":"https:\/\/canalflashback.com.br\/index.php?rest_route=%2Fwp%2Fv2%2Fmedia&parent=92"}],"curies":[{"name":"wp","href":"https:\/\/api.w.org\/{rel}","templated":true}]}}