{"id":94,"date":"2022-10-31T07:28:54","date_gmt":"2022-10-31T04:28:54","guid":{"rendered":"https:\/\/canalflashback.com.br\/?page_id=94"},"modified":"2022-11-03T23:07:36","modified_gmt":"2022-11-03T20:07:36","slug":"apoie-o-canal-flashback","status":"publish","type":"page","link":"https:\/\/canalflashback.com.br\/?page_id=94","title":{"rendered":"CONTRIBUA"},"content":{"rendered":"\n<p><\/p>\n\n\n\n<p>Gosta do nosso conte\u00fado? J\u00e1 aprendeu alguma coisa interessante aqui?<\/p>\n\n\n\n<p><\/p>\n\n\n\n<p>Deixe uma contribui\u00e7\u00e3o, mande PIX! Qualquer valor \u00e9 bem-vindo! <\/p>\n\n\n\n<figure class=\"wp-block-image size-full\"><img loading=\"lazy\" decoding=\"async\" width=\"1001\" height=\"639\" src=\"https:\/\/canalflashback.com.br\/wp-content\/uploads\/2022\/11\/PIX_BANCO_IMOBILIARIO_low_res.jpg\" alt=\"\" class=\"wp-image-151\" srcset=\"https:\/\/canalflashback.com.br\/wp-content\/uploads\/2022\/11\/PIX_BANCO_IMOBILIARIO_low_res.jpg 1001w, https:\/\/canalflashback.com.br\/wp-content\/uploads\/2022\/11\/PIX_BANCO_IMOBILIARIO_low_res-300x192.jpg 300w, https:\/\/canalflashback.com.br\/wp-content\/uploads\/2022\/11\/PIX_BANCO_IMOBILIARIO_low_res-768x490.jpg 768w\" sizes=\"auto, (max-width: 1001px) 100vw, 1001px\" \/><\/figure>\n","protected":false},"excerpt":{"rendered":"<p>Gosta do nosso conte\u00fado? J\u00e1 aprendeu alguma coisa interessante aqui? Deixe uma contribui\u00e7\u00e3o, mande PIX!&#8230;<\/p>\n","protected":false},"author":1,"featured_media":0,"parent":0,"menu_order":0,"comment_status":"closed","ping_status":"closed","template":"","meta":{"footnotes":""},"class_list":["post-94","page","type-page","status-publish","hentry"],"_links":{"self":[{"href":"https:\/\/canalflashback.com.br\/index.php?rest_route=\/wp\/v2\/pages\/94","targetHints":{"allow":["GET"]}}],"collection":[{"href":"https:\/\/canalflashback.com.br\/index.php?rest_route=\/wp\/v2\/pages"}],"about":[{"href":"https:\/\/canalflashback.com.br\/index.php?rest_route=\/wp\/v2\/types\/page"}],"author":[{"embeddable":true,"href":"https:\/\/canalflashback.com.br\/index.php?rest_route=\/wp\/v2\/users\/1"}],"replies":[{"embeddable":true,"href":"https:\/\/canalflashback.com.br\/index.php?rest_route=%2Fwp%2Fv2%2Fcomments&post=94"}],"version-history":[{"count":9,"href":"https:\/\/canalflashback.com.br\/index.php?rest_route=\/wp\/v2\/pages\/94\/revisions"}],"predecessor-version":[{"id":199,"href":"https:\/\/canalflashback.com.br\/index.php?rest_route=\/wp\/v2\/pages\/94\/revisions\/199"}],"wp:attachment":[{"href":"https:\/\/canalflashback.com.br\/index.php?rest_route=%2Fwp%2Fv2%2Fmedia&parent=94"}],"curies":[{"name":"wp","href":"https:\/\/api.w.org\/{rel}","templated":true}]}}